{"id":392,"date":"2013-01-30T14:04:31","date_gmt":"2013-01-30T13:04:31","guid":{"rendered":"http:\/\/www.francois-fiore.fr\/?page_id=392"},"modified":"2015-01-31T05:26:12","modified_gmt":"2015-01-31T04:26:12","slug":"mes-activites","status":"publish","type":"page","link":"https:\/\/www.francois-fiore.fr\/?page_id=392","title":{"rendered":"Formations"},"content":{"rendered":"<p><span style=\"font-size: 14pt;\">Voici les diff\u00e9rents projets que j&rsquo;ai pu r\u00e9aliser lors de mes p\u00e9riodes de formations.<\/span><\/p>\n<p style=\"text-align: left;\"><a title=\"Stage OCDE 14\/01\/2013 au 22\/02\/2013\" href=\"http:\/\/www.francois-fiore.fr\/?cat=9\">Stage OCDE<\/a><\/p>\n<p style=\"text-align: left;\"><a title=\"PPE\" href=\"http:\/\/www.francois-fiore.fr\/?cat=3\">PPE<\/a><\/p>\n<p style=\"text-align: left;\"><a title=\"Portefeuille des comp\u00e9tences\" href=\"http:\/\/www.francois-fiore.fr\/?page_id=98\">Portefeuille des comp\u00e9tences<\/a><\/p>\n","protected":false},"excerpt":{"rendered":"<p>Voici les diff\u00e9rents projets que j&rsquo;ai pu r\u00e9aliser lors de mes p\u00e9riodes de formations. Stage OCDE PPE Portefeuille des comp\u00e9tences<\/p>\n","protected":false},"author":1,"featured_media":0,"parent":0,"menu_order":10,"comment_status":"closed","ping_status":"open","template":"","meta":{"jetpack_post_was_ever_published":false,"footnotes":""},"class_list":["post-392","page","type-page","status-publish","hentry"],"jetpack_shortlink":"https:\/\/wp.me\/P37ob6-6k","jetpack_sharing_enabled":true,"jetpack_likes_enabled":true,"jetpack-related-posts":[{"id":98,"url":"https:\/\/www.francois-fiore.fr\/?page_id=98","url_meta":{"origin":392,"position":0},"title":"Portefeuille des comp\u00e9tences","author":"fiore","date":"9 janvier 2013","format":false,"excerpt":"Voici le portefeuille des comp\u00e9tences. \u00a0","rel":"","context":"Article similaire","block_context":{"text":"Article similaire","link":""},"img":{"alt_text":"","src":"","width":0,"height":0},"classes":[]},{"id":27,"url":"https:\/\/www.francois-fiore.fr\/?page_id=27","url_meta":{"origin":392,"position":1},"title":"Curriculum Vit\u00e6","author":"fiore","date":"31 d\u00e9cembre 2012","format":false,"excerpt":"Technicien R\u00e9seaux Informatiques EXPERIENCE PROFESSIONNELLE Du 20\/11\/15 \u00e0 aujourd\u2019hui Employ\u00e9 de boutique LDLC.com \u00e0 Toulouse, CDI - Conseil \/ Vente \/ Prise en charge clients\u00a0: identification des besoins, ouverture et gestion des tickets, pr\u00e9paration des commandes, gestion des stocks boutique - Param\u00e9trage mat\u00e9riel informatique et r\u00e9seau\u00a0: carte graphique, processeur, routeur,\u2026","rel":"","context":"Article similaire","block_context":{"text":"Article similaire","link":""},"img":{"alt_text":"","src":"","width":0,"height":0},"classes":[]},{"id":667,"url":"https:\/\/www.francois-fiore.fr\/?page_id=667","url_meta":{"origin":392,"position":2},"title":"Politique de confidentialit\u00e9","author":"fiore","date":"4 mars 2019","format":false,"excerpt":"Qui sommes-nous\u00a0? L\u2019adresse de notre site Web est\u00a0: http:\/\/www.francois-fiore.fr. Utilisation des donn\u00e9es personnelles collect\u00e9es Commentaires Quand vous laissez un commentaire sur notre site web, les donn\u00e9es inscrites dans le formulaire de commentaire, mais aussi votre adresse IP et l\u2019agent utilisateur de votre navigateur sont collect\u00e9s pour nous aider \u00e0 la\u2026","rel":"","context":"Article similaire","block_context":{"text":"Article similaire","link":""},"img":{"alt_text":"","src":"","width":0,"height":0},"classes":[]},{"id":19,"url":"https:\/\/www.francois-fiore.fr\/","url_meta":{"origin":392,"position":3},"title":"Qui suis-je ?","author":"fiore","date":"31 d\u00e9cembre 2012","format":false,"excerpt":"Bonjour. Je\u00a0m\u2019appelle\u00a0Fran\u00e7ois FIORE, r\u00e9sidant actuellement \u00e0 Launaguet, je suis passionn\u00e9 par l\u2019informatique, je m\u2019int\u00e9resse de pr\u00e8s aux \u00e9volutions technologiques et\u00a0assure r\u00e9guli\u00e8rement l\u2019installation ou la maintenance de syst\u00e8mes informatiques. Voici mon site personnel sur lequel je vous ferai partager mes d\u00e9couvertes et innovations ;)","rel":"","context":"Article similaire","block_context":{"text":"Article similaire","link":""},"img":{"alt_text":"","src":"","width":0,"height":0},"classes":[]},{"id":612,"url":"https:\/\/www.francois-fiore.fr\/?page_id=612","url_meta":{"origin":392,"position":4},"title":"Tetaneutral.net","author":"fiore","date":"21 avril 2015","format":false,"excerpt":"La F\u00e9d\u00e9ration FDN, dont tetaneutral.net est membre fondateur, regroupe des fournisseurs d'acc\u00e8s \u00e0 Internet associatifs anim\u00e9s par des b\u00e9n\u00e9voles. Elle a \u00e9t\u00e9 cr\u00e9\u00e9e par des individus ayant des valeurs communes fortes : solidarit\u00e9, la neutralit\u00e9 du r\u00e9seau, permettre aux adh\u00e9rents de d\u00e9cider des actions de leur interm\u00e9diaire pour acc\u00e9der \u00e0\u2026","rel":"","context":"Article similaire","block_context":{"text":"Article similaire","link":""},"img":{"alt_text":"","src":"","width":0,"height":0},"classes":[]},{"id":588,"url":"https:\/\/www.francois-fiore.fr\/?page_id=588","url_meta":{"origin":392,"position":5},"title":"Les passe temps","author":"fiore","date":"31 janvier 2015","format":false,"excerpt":"Vous retrouverez ici mes diff\u00e9rentes activit\u00e9s personelles, bonne lecture ;) Mes hobbys Les news","rel":"","context":"Article similaire","block_context":{"text":"Article similaire","link":""},"img":{"alt_text":"","src":"","width":0,"height":0},"classes":[]}],"_links":{"self":[{"href":"https:\/\/www.francois-fiore.fr\/index.php?rest_route=\/wp\/v2\/pages\/392","targetHints":{"allow":["GET"]}}],"collection":[{"href":"https:\/\/www.francois-fiore.fr\/index.php?rest_route=\/wp\/v2\/pages"}],"about":[{"href":"https:\/\/www.francois-fiore.fr\/index.php?rest_route=\/wp\/v2\/types\/page"}],"author":[{"embeddable":true,"href":"https:\/\/www.francois-fiore.fr\/index.php?rest_route=\/wp\/v2\/users\/1"}],"replies":[{"embeddable":true,"href":"https:\/\/www.francois-fiore.fr\/index.php?rest_route=%2Fwp%2Fv2%2Fcomments&post=392"}],"version-history":[{"count":8,"href":"https:\/\/www.francois-fiore.fr\/index.php?rest_route=\/wp\/v2\/pages\/392\/revisions"}],"predecessor-version":[{"id":584,"href":"https:\/\/www.francois-fiore.fr\/index.php?rest_route=\/wp\/v2\/pages\/392\/revisions\/584"}],"wp:attachment":[{"href":"https:\/\/www.francois-fiore.fr\/index.php?rest_route=%2Fwp%2Fv2%2Fmedia&parent=392"}],"curies":[{"name":"wp","href":"https:\/\/api.w.org\/{rel}","templated":true}]}}